{"id":87,"date":"2023-05-24T06:24:42","date_gmt":"2023-05-24T06:24:42","guid":{"rendered":"https:\/\/ofismakbilisim.com\/?page_id=87"},"modified":"2023-06-20T13:47:40","modified_gmt":"2023-06-20T13:47:40","slug":"iletisim","status":"publish","type":"page","link":"https:\/\/ofismakbilisim.com\/index.php\/iletisim\/","title":{"rendered":"\u0130LET\u0130\u015e\u0130M"},"content":{"rendered":"\t\t<div data-elementor-type=\"wp-page\" data-elementor-id=\"87\" class=\"elementor elementor-87\">\n\t\t\t\t\t\t\t\t\t<section class=\"elementor-section elementor-top-section elementor-element elementor-element-7cb57e5 elementor-section-height-full elementor-section-items-top elementor-hidden-mobile elementor-section-boxed elementor-section-height-default\" data-id=\"7cb57e5\" data-element_type=\"section\" data-settings=\"{&quot;background_background&quot;:&quot;classic&quot;}\">\n\t\t\t\t\t\t<div class=\"elementor-container elementor-column-gap-no\">\n\t\t\t\t\t<div class=\"elementor-column elementor-col-50 elementor-top-column elementor-element elementor-element-b4b5e7b\" data-id=\"b4b5e7b\" data-element_type=\"column\" data-settings=\"{&quot;background_background&quot;:&quot;classic&quot;}\">\n\t\t\t<div class=\"elementor-widget-wrap elementor-element-populated\">\n\t\t\t\t\t\t\t\t<div class=\"elementor-element elementor-element-74c41d5 elementor-widget elementor-widget-image\" data-id=\"74c41d5\" data-element_type=\"widget\" data-widget_type=\"image.default\">\n\t\t\t\t<div class=\"elementor-widget-container\">\n\t\t\t<style>\/*! elementor - v3.18.0 - 20-12-2023 *\/\n.elementor-widget-image{text-align:center}.elementor-widget-image a{display:inline-block}.elementor-widget-image a img[src$=\".svg\"]{width:48px}.elementor-widget-image img{vertical-align:middle;display:inline-block}<\/style>\t\t\t\t\t\t\t\t\t\t\t\t<img decoding=\"async\" width=\"277\" height=\"15\" src=\"https:\/\/ofismakbilisim.com\/wp-content\/uploads\/2023\/05\/red_line.png\" class=\"attachment-large size-large wp-image-243\" alt=\"\" \/>\t\t\t\t\t\t\t\t\t\t\t\t\t\t\t<\/div>\n\t\t\t\t<\/div>\n\t\t\t\t<div class=\"elementor-element elementor-element-81b7be7 elementor-widget elementor-widget-text-editor\" data-id=\"81b7be7\" data-element_type=\"widget\" data-widget_type=\"text-editor.default\">\n\t\t\t\t<div class=\"elementor-widget-container\">\n\t\t\t<style>\/*! elementor - v3.18.0 - 20-12-2023 *\/\n.elementor-widget-text-editor.elementor-drop-cap-view-stacked .elementor-drop-cap{background-color:#69727d;color:#fff}.elementor-widget-text-editor.elementor-drop-cap-view-framed .elementor-drop-cap{color:#69727d;border:3px solid;background-color:transparent}.elementor-widget-text-editor:not(.elementor-drop-cap-view-default) .elementor-drop-cap{margin-top:8px}.elementor-widget-text-editor:not(.elementor-drop-cap-view-default) .elementor-drop-cap-letter{width:1em;height:1em}.elementor-widget-text-editor .elementor-drop-cap{float:left;text-align:center;line-height:1;font-size:50px}.elementor-widget-text-editor .elementor-drop-cap-letter{display:inline-block}<\/style>\t\t\t\tArma\u011fanevler Mh. Alemda\u011f Cd. <br>No.:418\/A &#038;nbsp&#038;nbsp&#038;nbsp\u00dcmraniye &#8211; \u0130stanbul<br>\n0216 470 52 22<br>\n0554 244 37 78<br>\n0532 394 87 16<br>\n<br>\ninfo@ofismak.net<br>\ninfo@ofismakbilisim.com\t\t\t\t\t\t<\/div>\n\t\t\t\t<\/div>\n\t\t\t\t<div class=\"elementor-element elementor-element-ff13eac elementor-align-left elementor-widget elementor-widget-button\" data-id=\"ff13eac\" data-element_type=\"widget\" data-widget_type=\"button.default\">\n\t\t\t\t<div class=\"elementor-widget-container\">\n\t\t\t\t\t<div class=\"elementor-button-wrapper\">\n\t\t\t<a class=\"elementor-button elementor-button-link elementor-size-sm elementor-animation-grow\" href=\"https:\/\/goo.gl\/maps\/f3ChYwhyLUY9KZhY8\">\n\t\t\t\t\t\t<span class=\"elementor-button-content-wrapper\">\n\t\t\t\t\t\t<span class=\"elementor-button-text\">KONUMA G\u0130T<\/span>\n\t\t<\/span>\n\t\t\t\t\t<\/a>\n\t\t<\/div>\n\t\t\t\t<\/div>\n\t\t\t\t<\/div>\n\t\t\t\t\t<\/div>\n\t\t<\/div>\n\t\t\t\t<div class=\"elementor-column elementor-col-50 elementor-top-column elementor-element elementor-element-9029d8f\" data-id=\"9029d8f\" data-element_type=\"column\">\n\t\t\t<div class=\"elementor-widget-wrap\">\n\t\t\t\t\t\t\t\t\t<\/div>\n\t\t<\/div>\n\t\t\t\t\t\t\t<\/div>\n\t\t<\/section>\n\t\t\t\t<section class=\"elementor-section elementor-top-section elementor-element elementor-element-06b0e64 elementor-section-height-full elementor-section-items-top elementor-hidden-desktop elementor-hidden-tablet elementor-section-boxed elementor-section-height-default\" data-id=\"06b0e64\" data-element_type=\"section\" data-settings=\"{&quot;background_background&quot;:&quot;classic&quot;}\">\n\t\t\t\t\t\t<div class=\"elementor-container elementor-column-gap-no\">\n\t\t\t\t\t<div class=\"elementor-column elementor-col-100 elementor-top-column elementor-element elementor-element-4a37ca2\" data-id=\"4a37ca2\" data-element_type=\"column\" data-settings=\"{&quot;background_background&quot;:&quot;classic&quot;}\">\n\t\t\t<div class=\"elementor-widget-wrap elementor-element-populated\">\n\t\t\t\t\t\t\t\t<div class=\"elementor-element elementor-element-adf5ce0 elementor-align-left elementor-widget elementor-widget-button\" data-id=\"adf5ce0\" data-element_type=\"widget\" data-widget_type=\"button.default\">\n\t\t\t\t<div class=\"elementor-widget-container\">\n\t\t\t\t\t<div class=\"elementor-button-wrapper\">\n\t\t\t<a class=\"elementor-button elementor-button-link elementor-size-sm elementor-animation-grow\" href=\"https:\/\/goo.gl\/maps\/f3ChYwhyLUY9KZhY8\">\n\t\t\t\t\t\t<span class=\"elementor-button-content-wrapper\">\n\t\t\t\t\t\t<span class=\"elementor-button-text\">KONUMA G\u0130T<\/span>\n\t\t<\/span>\n\t\t\t\t\t<\/a>\n\t\t<\/div>\n\t\t\t\t<\/div>\n\t\t\t\t<\/div>\n\t\t\t\t<div class=\"elementor-element elementor-element-d33ea13 elementor-widget elementor-widget-image\" data-id=\"d33ea13\" data-element_type=\"widget\" data-widget_type=\"image.default\">\n\t\t\t\t<div class=\"elementor-widget-container\">\n\t\t\t\t\t\t\t\t\t\t\t\t\t\t\t<img decoding=\"async\" width=\"277\" height=\"15\" src=\"https:\/\/ofismakbilisim.com\/wp-content\/uploads\/2023\/05\/red_line.png\" class=\"attachment-large size-large wp-image-243\" alt=\"\" \/>\t\t\t\t\t\t\t\t\t\t\t\t\t\t\t<\/div>\n\t\t\t\t<\/div>\n\t\t\t\t<div class=\"elementor-element elementor-element-7face7c elementor-widget elementor-widget-text-editor\" data-id=\"7face7c\" data-element_type=\"widget\" data-widget_type=\"text-editor.default\">\n\t\t\t\t<div class=\"elementor-widget-container\">\n\t\t\t\t\t\t\tArma\u011fanevler Mh. Alemda\u011f Cd. <br>No.:418\/A &#038;nbsp&#038;nbsp&#038;nbsp\u00dcmraniye &#8211; \u0130stanbul<br>\n0216 470 52 22<br>\n0554 244 37 78<br>\n0532 394 87 16<br>\n<br>\ninfo@ofismak.net<br>\ninfo@ofismakbilisim.com\t\t\t\t\t\t<\/div>\n\t\t\t\t<\/div>\n\t\t\t\t<div class=\"elementor-element elementor-element-69b57c1 elementor-widget elementor-widget-spacer\" data-id=\"69b57c1\" data-element_type=\"widget\" data-widget_type=\"spacer.default\">\n\t\t\t\t<div class=\"elementor-widget-container\">\n\t\t\t<style>\/*! elementor - v3.18.0 - 20-12-2023 *\/\n.elementor-column .elementor-spacer-inner{height:var(--spacer-size)}.e-con{--container-widget-width:100%}.e-con-inner>.elementor-widget-spacer,.e-con>.elementor-widget-spacer{width:var(--container-widget-width,var(--spacer-size));--align-self:var(--container-widget-align-self,initial);--flex-shrink:0}.e-con-inner>.elementor-widget-spacer>.elementor-widget-container,.e-con>.elementor-widget-spacer>.elementor-widget-container{height:100%;width:100%}.e-con-inner>.elementor-widget-spacer>.elementor-widget-container>.elementor-spacer,.e-con>.elementor-widget-spacer>.elementor-widget-container>.elementor-spacer{height:100%}.e-con-inner>.elementor-widget-spacer>.elementor-widget-container>.elementor-spacer>.elementor-spacer-inner,.e-con>.elementor-widget-spacer>.elementor-widget-container>.elementor-spacer>.elementor-spacer-inner{height:var(--container-widget-height,var(--spacer-size))}.e-con-inner>.elementor-widget-spacer.elementor-widget-empty,.e-con>.elementor-widget-spacer.elementor-widget-empty{position:relative;min-height:22px;min-width:22px}.e-con-inner>.elementor-widget-spacer.elementor-widget-empty .elementor-widget-empty-icon,.e-con>.elementor-widget-spacer.elementor-widget-empty .elementor-widget-empty-icon{position:absolute;top:0;bottom:0;left:0;right:0;margin:auto;padding:0;width:22px;height:22px}<\/style>\t\t<div class=\"elementor-spacer\">\n\t\t\t<div class=\"elementor-spacer-inner\"><\/div>\n\t\t<\/div>\n\t\t\t\t<\/div>\n\t\t\t\t<\/div>\n\t\t\t\t<div class=\"elementor-element elementor-element-9ac1ff8 elementor-widget elementor-widget-spacer\" data-id=\"9ac1ff8\" data-element_type=\"widget\" data-widget_type=\"spacer.default\">\n\t\t\t\t<div class=\"elementor-widget-container\">\n\t\t\t\t\t<div class=\"elementor-spacer\">\n\t\t\t<div class=\"elementor-spacer-inner\"><\/div>\n\t\t<\/div>\n\t\t\t\t<\/div>\n\t\t\t\t<\/div>\n\t\t\t\t\t<\/div>\n\t\t<\/div>\n\t\t\t\t\t\t\t<\/div>\n\t\t<\/section>\n\t\t\t\t\t\t\t<\/div>\n\t\t","protected":false},"excerpt":{"rendered":"<p>Arma\u011fanevler Mh. Alemda\u011f Cd. No.:418\/A &#038;nbsp&#038;nbsp&#038;nbsp\u00dcmraniye &#8211; \u0130stanbul 0216 470 52 22 0554 244 37 78 0532 394 87 16 info@ofismak.net info@ofismakbilisim.com KONUMA G\u0130T KONUMA G\u0130T Arma\u011fanevler Mh. Alemda\u011f Cd. No.:418\/A &#038;nbsp&#038;nbsp&#038;nbsp\u00dcmraniye &#8211; \u0130stanbul 0216 470 52 22 0554 244 37 78 0532 394 87 16 info@ofismak.net info@ofismakbilisim.com<\/p>\n","protected":false},"author":1,"featured_media":0,"parent":0,"menu_order":0,"comment_status":"closed","ping_status":"closed","template":"","meta":{"inline_featured_image":false,"site-sidebar-layout":"no-sidebar","site-content-layout":"page-builder","ast-site-content-layout":"","site-content-style":"default","site-sidebar-style":"default","ast-global-header-display":"","ast-banner-title-visibility":"","ast-main-header-display":"","ast-hfb-above-header-display":"","ast-hfb-below-header-display":"","ast-hfb-mobile-header-display":"","site-post-title":"disabled","ast-breadcrumbs-content":"","ast-featured-img":"disabled","footer-sml-layout":"","theme-transparent-header-meta":"","adv-header-id-meta":"","stick-header-meta":"","header-above-stick-meta":"","header-main-stick-meta":"","header-below-stick-meta":"","astra-migrate-meta-layouts":"","ast-page-background-enabled":"default","ast-page-background-meta":{"desktop":{"background-color":"var(--ast-global-color-4)","background-image":"","background-repeat":"repeat","background-position":"center center","background-size":"auto","background-attachment":"scroll","background-type":"","background-media":"","overlay-type":"","overlay-color":"","overlay-gradient":""},"tablet":{"background-color":"","background-image":"","background-repeat":"repeat","background-position":"center center","background-size":"auto","background-attachment":"scroll","background-type":"","background-media":"","overlay-type":"","overlay-color":"","overlay-gradient":""},"mobile":{"background-color":"","background-image":"","background-repeat":"repeat","background-position":"center center","background-size":"auto","background-attachment":"scroll","background-type":"","background-media":"","overlay-type":"","overlay-color":"","overlay-gradient":""}},"ast-content-background-meta":{"desktop":{"background-color":"var(--ast-global-color-5)","background-image":"","background-repeat":"repeat","background-position":"center center","background-size":"auto","background-attachment":"scroll","background-type":"","background-media":"","overlay-type":"","overlay-color":"","overlay-gradient":""},"tablet":{"background-color":"var(--ast-global-color-5)","background-image":"","background-repeat":"repeat","background-position":"center center","background-size":"auto","background-attachment":"scroll","background-type":"","background-media":"","overlay-type":"","overlay-color":"","overlay-gradient":""},"mobile":{"background-color":"var(--ast-global-color-5)","background-image":"","background-repeat":"repeat","background-position":"center center","background-size":"auto","background-attachment":"scroll","background-type":"","background-media":"","overlay-type":"","overlay-color":"","overlay-gradient":""}},"footnotes":""},"class_list":["post-87","page","type-page","status-publish","hentry"],"yoast_head":"<!-- This site is optimized with the Yoast SEO plugin v21.8.1 - https:\/\/yoast.com\/wordpress\/plugins\/seo\/ -->\r\n<title>\u0130LET\u0130\u015e\u0130M - Matbaa ve Bask\u0131 Sistemleri<\/title>\r\n<meta name=\"robots\" content=\"index, follow, max-snippet:-1, max-image-preview:large, max-video-preview:-1\" \/>\r\n<link rel=\"canonical\" href=\"https:\/\/ofismakbilisim.com\/index.php\/iletisim\/\" \/>\r\n<meta property=\"og:locale\" content=\"tr_TR\" \/>\r\n<meta property=\"og:type\" content=\"article\" \/>\r\n<meta property=\"og:title\" content=\"\u0130LET\u0130\u015e\u0130M - Matbaa ve Bask\u0131 Sistemleri\" \/>\r\n<meta property=\"og:description\" content=\"Arma\u011fanevler Mh. Alemda\u011f Cd. No.:418\/A &#038;nbsp&#038;nbsp&#038;nbsp\u00dcmraniye &#8211; \u0130stanbul 0216 470 52 22 0554 244 37 78 0532 394 87 16 info@ofismak.net info@ofismakbilisim.com KONUMA G\u0130T KONUMA G\u0130T Arma\u011fanevler Mh. Alemda\u011f Cd. No.:418\/A &#038;nbsp&#038;nbsp&#038;nbsp\u00dcmraniye &#8211; \u0130stanbul 0216 470 52 22 0554 244 37 78 0532 394 87 16 info@ofismak.net info@ofismakbilisim.com\" \/>\r\n<meta property=\"og:url\" content=\"https:\/\/ofismakbilisim.com\/index.php\/iletisim\/\" \/>\r\n<meta property=\"og:site_name\" content=\"Matbaa ve Bask\u0131 Sistemleri\" \/>\r\n<meta property=\"article:modified_time\" content=\"2023-06-20T13:47:40+00:00\" \/>\r\n<meta property=\"og:image\" content=\"https:\/\/ofismakbilisim.com\/wp-content\/uploads\/2023\/05\/red_line.png\" \/>\r\n<meta name=\"twitter:card\" content=\"summary_large_image\" \/>\r\n<meta name=\"twitter:label1\" content=\"Tahmini okuma s\u00fcresi\" \/>\n\t<meta name=\"twitter:data1\" content=\"1 dakika\" \/>\r\n<script type=\"application\/ld+json\" class=\"yoast-schema-graph\">{\"@context\":\"https:\/\/schema.org\",\"@graph\":[{\"@type\":\"WebPage\",\"@id\":\"https:\/\/ofismakbilisim.com\/index.php\/iletisim\/\",\"url\":\"https:\/\/ofismakbilisim.com\/index.php\/iletisim\/\",\"name\":\"\u0130LET\u0130\u015e\u0130M - Matbaa ve Bask\u0131 Sistemleri\",\"isPartOf\":{\"@id\":\"https:\/\/ofismakbilisim.com\/#website\"},\"datePublished\":\"2023-05-24T06:24:42+00:00\",\"dateModified\":\"2023-06-20T13:47:40+00:00\",\"breadcrumb\":{\"@id\":\"https:\/\/ofismakbilisim.com\/index.php\/iletisim\/#breadcrumb\"},\"inLanguage\":\"tr\",\"potentialAction\":[{\"@type\":\"ReadAction\",\"target\":[\"https:\/\/ofismakbilisim.com\/index.php\/iletisim\/\"]}]},{\"@type\":\"BreadcrumbList\",\"@id\":\"https:\/\/ofismakbilisim.com\/index.php\/iletisim\/#breadcrumb\",\"itemListElement\":[{\"@type\":\"ListItem\",\"position\":1,\"name\":\"Anasayfa\",\"item\":\"https:\/\/ofismakbilisim.com\/\"},{\"@type\":\"ListItem\",\"position\":2,\"name\":\"\u0130LET\u0130\u015e\u0130M\"}]},{\"@type\":\"WebSite\",\"@id\":\"https:\/\/ofismakbilisim.com\/#website\",\"url\":\"https:\/\/ofismakbilisim.com\/\",\"name\":\"Matbaa ve Bask\u0131 Sistemleri\",\"description\":\"\",\"potentialAction\":[{\"@type\":\"SearchAction\",\"target\":{\"@type\":\"EntryPoint\",\"urlTemplate\":\"https:\/\/ofismakbilisim.com\/?s={search_term_string}\"},\"query-input\":\"required name=search_term_string\"}],\"inLanguage\":\"tr\"}]}<\/script>\r\n<!-- \/ Yoast SEO plugin. -->","yoast_head_json":{"title":"\u0130LET\u0130\u015e\u0130M - Matbaa ve Bask\u0131 Sistemleri","robots":{"index":"index","follow":"follow","max-snippet":"max-snippet:-1","max-image-preview":"max-image-preview:large","max-video-preview":"max-video-preview:-1"},"canonical":"https:\/\/ofismakbilisim.com\/index.php\/iletisim\/","og_locale":"tr_TR","og_type":"article","og_title":"\u0130LET\u0130\u015e\u0130M - Matbaa ve Bask\u0131 Sistemleri","og_description":"Arma\u011fanevler Mh. Alemda\u011f Cd. No.:418\/A &#038;nbsp&#038;nbsp&#038;nbsp\u00dcmraniye &#8211; \u0130stanbul 0216 470 52 22 0554 244 37 78 0532 394 87 16 info@ofismak.net info@ofismakbilisim.com KONUMA G\u0130T KONUMA G\u0130T Arma\u011fanevler Mh. Alemda\u011f Cd. No.:418\/A &#038;nbsp&#038;nbsp&#038;nbsp\u00dcmraniye &#8211; \u0130stanbul 0216 470 52 22 0554 244 37 78 0532 394 87 16 info@ofismak.net info@ofismakbilisim.com","og_url":"https:\/\/ofismakbilisim.com\/index.php\/iletisim\/","og_site_name":"Matbaa ve Bask\u0131 Sistemleri","article_modified_time":"2023-06-20T13:47:40+00:00","og_image":[{"url":"https:\/\/ofismakbilisim.com\/wp-content\/uploads\/2023\/05\/red_line.png"}],"twitter_card":"summary_large_image","twitter_misc":{"Tahmini okuma s\u00fcresi":"1 dakika"},"schema":{"@context":"https:\/\/schema.org","@graph":[{"@type":"WebPage","@id":"https:\/\/ofismakbilisim.com\/index.php\/iletisim\/","url":"https:\/\/ofismakbilisim.com\/index.php\/iletisim\/","name":"\u0130LET\u0130\u015e\u0130M - Matbaa ve Bask\u0131 Sistemleri","isPartOf":{"@id":"https:\/\/ofismakbilisim.com\/#website"},"datePublished":"2023-05-24T06:24:42+00:00","dateModified":"2023-06-20T13:47:40+00:00","breadcrumb":{"@id":"https:\/\/ofismakbilisim.com\/index.php\/iletisim\/#breadcrumb"},"inLanguage":"tr","potentialAction":[{"@type":"ReadAction","target":["https:\/\/ofismakbilisim.com\/index.php\/iletisim\/"]}]},{"@type":"BreadcrumbList","@id":"https:\/\/ofismakbilisim.com\/index.php\/iletisim\/#breadcrumb","itemListElement":[{"@type":"ListItem","position":1,"name":"Anasayfa","item":"https:\/\/ofismakbilisim.com\/"},{"@type":"ListItem","position":2,"name":"\u0130LET\u0130\u015e\u0130M"}]},{"@type":"WebSite","@id":"https:\/\/ofismakbilisim.com\/#website","url":"https:\/\/ofismakbilisim.com\/","name":"Matbaa ve Bask\u0131 Sistemleri","description":"","potentialAction":[{"@type":"SearchAction","target":{"@type":"EntryPoint","urlTemplate":"https:\/\/ofismakbilisim.com\/?s={search_term_string}"},"query-input":"required name=search_term_string"}],"inLanguage":"tr"}]}},"_links":{"self":[{"href":"https:\/\/ofismakbilisim.com\/index.php\/wp-json\/wp\/v2\/pages\/87","targetHints":{"allow":["GET"]}}],"collection":[{"href":"https:\/\/ofismakbilisim.com\/index.php\/wp-json\/wp\/v2\/pages"}],"about":[{"href":"https:\/\/ofismakbilisim.com\/index.php\/wp-json\/wp\/v2\/types\/page"}],"author":[{"embeddable":true,"href":"https:\/\/ofismakbilisim.com\/index.php\/wp-json\/wp\/v2\/users\/1"}],"replies":[{"embeddable":true,"href":"https:\/\/ofismakbilisim.com\/index.php\/wp-json\/wp\/v2\/comments?post=87"}],"version-history":[{"count":46,"href":"https:\/\/ofismakbilisim.com\/index.php\/wp-json\/wp\/v2\/pages\/87\/revisions"}],"predecessor-version":[{"id":501,"href":"https:\/\/ofismakbilisim.com\/index.php\/wp-json\/wp\/v2\/pages\/87\/revisions\/501"}],"wp:attachment":[{"href":"https:\/\/ofismakbilisim.com\/index.php\/wp-json\/wp\/v2\/media?parent=87"}],"curies":[{"name":"wp","href":"https:\/\/api.w.org\/{rel}","templated":true}]}}